{"id":104,"date":"2025-10-26T18:39:01","date_gmt":"2025-10-26T16:39:01","guid":{"rendered":"https:\/\/minziro.net\/?page_id=104"},"modified":"2025-10-26T18:40:45","modified_gmt":"2025-10-26T16:40:45","slug":"unterstuetzung","status":"publish","type":"page","link":"https:\/\/minziro.net\/?page_id=104","title":{"rendered":"Unterst\u00fctzen"},"content":{"rendered":"\n<p>Wegen ihres geringen Einkommens sind die Menschen in Minziro auf fremde Unterst\u00fctzung. Sie melden ihren Bedarf an unseren Verein und wir versuchen, ihnen zu helfen. Durch Ihre Spende unterst\u00fctzen Sie uns, dieses Ziel zu erreichen.<\/p>\n\n\n\n<p>Minziro Entwicklungsverein e.V.<br>VR Bank S\u00fcdpfalz eG<br>Kto.-Nr.: 6727735<br>BLZ: 548 625 00<br>IBAN-Nummer: DE28 5486 2500 0006 7277 35<br>BIC-\/SWIFT-Code: GENODE61SUW<br>Verwendungszweck: SPENDE + Ihr Name + Anschrift.<br><\/p>\n\n\n\n<p>Ihre Spende wird ungeschm\u00e4lert nach Minziro \u00fcberwiesen.<\/p>\n\n\n\n<p>Falls angegebenen, stellt unsere Partnerorganisation MEF sicher, dass Ihre Spende nur f\u00fcr den von Ihnen festgelegten und den Vereinszielen entsprechenden Zweck verwendet wird.<\/p>\n\n\n\n<p>Nat\u00fcrlich besteht auch die M\u00f6glichkeit, dass Sie uns auch mit Sachmitteln sowie bei unseren Veranstaltungen oder Aktionen unterst\u00fctzen.<\/p>\n\n\n\n<p>Auch \u00fcber Ihre Mitgliedschaft w\u00fcrden wir uns sehr freuen.<\/p>\n\n\n\n<div data-wp-interactive=\"core\/file\" class=\"wp-block-file\"><object data-wp-bind--hidden=\"!state.hasPdfPreview\" hidden class=\"wp-block-file__embed\" data=\"https:\/\/minziro.net\/wp-content\/uploads\/2025\/10\/Beitrittserklaerung_ab_2019_mi_DSGVO.pdf\" type=\"application\/pdf\" style=\"width:100%;height:600px\" aria-label=\"Einbettung von Beitrittserklaerung_ab_2019_mi_DSGVO.\"><\/object><a id=\"wp-block-file--media-9e0ea0d1-f478-4042-ba3e-9998d623b897\" href=\"https:\/\/minziro.net\/wp-content\/uploads\/2025\/10\/Beitrittserklaerung_ab_2019_mi_DSGVO.pdf\">Beitrittserklaerung_ab_2019_mi_DSGVO<\/a><a href=\"https:\/\/minziro.net\/wp-content\/uploads\/2025\/10\/Beitrittserklaerung_ab_2019_mi_DSGVO.pdf\" class=\"wp-block-file__button wp-element-button\" download aria-describedby=\"wp-block-file--media-9e0ea0d1-f478-4042-ba3e-9998d623b897\">Herunterladen<\/a><\/div>\n","protected":false},"excerpt":{"rendered":"<p>Wegen ihres geringen Einkommens sind die Menschen in Minziro auf fremde Unterst\u00fctzung. Sie melden ihren Bedarf an unseren Verein und wir versuchen, ihnen zu helfen. Durch Ihre Spende unterst\u00fctzen Sie uns, dieses Ziel zu erreichen. Minziro Entwicklungsverein e.V.VR Bank S\u00fcdpfalz eGKto.-Nr.: 6727735BLZ: 548 625 00IBAN-Nummer: DE28 5486 2500 0006 7277 35BIC-\/SWIFT-Code: GENODE61SUWVerwendungszweck: SPENDE + Ihr [&hellip;]<\/p>\n","protected":false},"author":1,"featured_media":0,"parent":0,"menu_order":0,"comment_status":"closed","ping_status":"closed","template":"","meta":{"footnotes":""},"class_list":["post-104","page","type-page","status-publish","hentry"],"jetpack_sharing_enabled":true,"_links":{"self":[{"href":"https:\/\/minziro.net\/index.php?rest_route=\/wp\/v2\/pages\/104","targetHints":{"allow":["GET"]}}],"collection":[{"href":"https:\/\/minziro.net\/index.php?rest_route=\/wp\/v2\/pages"}],"about":[{"href":"https:\/\/minziro.net\/index.php?rest_route=\/wp\/v2\/types\/page"}],"author":[{"embeddable":true,"href":"https:\/\/minziro.net\/index.php?rest_route=\/wp\/v2\/users\/1"}],"replies":[{"embeddable":true,"href":"https:\/\/minziro.net\/index.php?rest_route=%2Fwp%2Fv2%2Fcomments&post=104"}],"version-history":[{"count":2,"href":"https:\/\/minziro.net\/index.php?rest_route=\/wp\/v2\/pages\/104\/revisions"}],"predecessor-version":[{"id":108,"href":"https:\/\/minziro.net\/index.php?rest_route=\/wp\/v2\/pages\/104\/revisions\/108"}],"wp:attachment":[{"href":"https:\/\/minziro.net\/index.php?rest_route=%2Fwp%2Fv2%2Fmedia&parent=104"}],"curies":[{"name":"wp","href":"https:\/\/api.w.org\/{rel}","templated":true}]}}