{"id":216,"date":"2025-10-26T19:21:42","date_gmt":"2025-10-26T17:21:42","guid":{"rendered":"https:\/\/minziro.net\/?page_id=216"},"modified":"2025-10-26T19:28:47","modified_gmt":"2025-10-26T17:28:47","slug":"projekte","status":"publish","type":"page","link":"https:\/\/minziro.net\/?page_id=216","title":{"rendered":"Projekte"},"content":{"rendered":"\n<div class=\"wp-block-query is-layout-flow wp-block-query-is-layout-flow\"><ul class=\"wp-block-post-template is-layout-flow wp-block-post-template-is-layout-flow\"><li class=\"wp-block-post post-111 post type-post status-publish format-standard hentry category-projekt\">\n<h2 class=\"wp-block-post-title\"><a href=\"https:\/\/minziro.net\/?p=111\" target=\"_self\" >Finanzierung des Baus eines Bibliotheksgeb\u00e4udes<\/a><\/h2>\n\n\n\n<div class=\"wp-block-post-excerpt\"><p class=\"wp-block-post-excerpt__excerpt\">Bauvorhaben Der Minziro Entwicklungsverein e.V., kurz MEV, unterst\u00fctzt den &#8222;Minziro Education Fund&#8220; bei dem Bau eines Bibliotheksgeb\u00e4udes f\u00fcr B\u00fccher. Urspr\u00fcnglich, im Jahr 2011, betrug der Kostenvoranschlag 11.000,00 \u20ac. Aufgrund der Inflation sowie Verwendung anderen Baumaterials stiegen die tats\u00e4chlichen Kosten bis Januar 2013 auf 15.000,00 \u20ac. Durch unterschiedliche Aktionen und Spenden ist es dem MEV gelungen,&hellip; <\/p><\/div>\n\n\n<hr class=\"wp-block-separator has-css-opacity\"\/>\n\n\n<div class=\"wp-block-post-date\"><time datetime=\"2013-10-26T18:53:25+01:00\">Oktober 26, 2013<\/time><\/div>\n<\/li><\/ul><\/div>\n\n\n\n<p>\u00dcbersicht einiger Projekte<\/p>\n\n\n\n<figure class=\"wp-block-table alignwide\"><table class=\"has-fixed-layout\"><thead><tr><th>Startzeit<\/th><th>Projektname<\/th><th>Kurze Beschreibung<\/th><th>Betrag (\u20ac)<\/th><th>Status<\/th><th>Finanzierung<\/th><\/tr><\/thead><tbody><tr><td>2019<\/td><td>Fachlehrer 2019<\/td><td>Geh\u00e4lter f. Hilfslehrer (Mathematik, Physik und Chemie) Jan \u2013 M\u00e4rz?<\/td><td>???<\/td><td>abgeschlossen<\/td><td>MEV<\/td><\/tr><tr><td>2018<\/td><td>Fachlehrer 2018<\/td><td>Geh\u00e4lter f. Hilfslehrer (Mathematik, Physik und Chemie) Jan &#8211; Juni<\/td><td>2.700<\/td><td>abgeschlossen<\/td><td>MEV<\/td><\/tr><tr><td><\/td><td>Fu\u00dfballturnier<\/td><td>Unterst\u00fctzung f\u00fcr die neue Fu\u00dfballliga in Minziro f\u00fcr die Jungend mit Ausstattung, Mai 2018<\/td><td>890<\/td><td>abgeschlossen<\/td><td>MEV<\/td><\/tr><tr><td><\/td><td><\/td><td>Finanzierung der Medikamente f\u00fcr bed\u00fcrftige Personen, Mai 2018<\/td><td>105<\/td><td>abgeschlossen<\/td><td>MEV<\/td><\/tr><tr><td>2017<\/td><td>Fachlehrer 2017<\/td><td>Geh\u00e4lter f. Hilfslehrer (Mathematik, Physik und Chemie)<\/td><td>4.500<\/td><td>abgeschlossen<\/td><td>MEV<\/td><\/tr><tr><td><\/td><td><\/td><td>Baumaterial z.B. Zement f\u00fcr die Renovierung<\/td><td>437<\/td><td>abgeschlossen<\/td><td>MEV<\/td><\/tr><tr><td>2016<\/td><td>Erdbeben-Sch\u00e4den<\/td><td>Hilfe f\u00fcr Erdbeben-Sch\u00e4den in Minziro, z. B. durch Notunterk\u00fcnfte (Zeltplanen) und Baumaterial<\/td><td>4.685<\/td><td>abgeschlossen<\/td><td>MEV und Spender<\/td><\/tr><tr><td>2015<\/td><td>Wasserbrunnen<\/td><td>Baue einer Wasserbrunne an der Schule, damit Sch\u00fcler und Lehrer nicht weit laufen m\u00fcssen, um Wasser zu holen<\/td><td>2.500<\/td><td>abgeschlossen<\/td><td>MEV und Sponsor<\/td><\/tr><tr><td>2013<\/td><td>M\u00f6bel f\u00fcr Bibliothek<\/td><td><\/td><td>7.750<\/td><td>abgeschlossen<\/td><td>MEV und Sponsor<\/td><\/tr><tr><td>2011 &#8211; 2013<\/td><td>Schulbibliothek<\/td><td>Finanzierung eines Bibliotheksgeb\u00e4udes<\/td><td>13.000<\/td><td>abgeschlossen<\/td><td>MEV<\/td><\/tr><tr><td>Bis 2010<\/td><td>Geb\u00e4udefinanzierung und Schulausstattung<\/td><td>1 x Geb\u00e4ude mit 5 Dopple-Klassenzimmern<br><br>1x Geb\u00e4ude mit 4 R\u00e4umen und<br>2 x Labor f\u00fcr Physik und Chemie,<br>2 x Klassenzimmer<br><br>Toiletten<br><br>320 Schulb\u00e4nke<br><br>Zwei Schreibmaschinen<br><br>B\u00fcrost\u00fchle und \u2013Tische<br><br>Verwaltungsgeb\u00e4ude<br><br>2 x Grade-A-Haus f\u00fcr Bedienstete (Lehrer)<br><br>Wasserzisterne<br><br>Eine Solaranlage (Beleuchtung f\u00fcr zwei Klassenzimmer!)<br><br>Vervielf\u00e4ltigungs- bzw. Kopierger\u00e4t<br><br><\/td><td>???<\/td><td>abgeschlossen<\/td><td>MEV und Spender<\/td><\/tr><tr><td>2009 &#8211; 2018<\/td><td>Schulgeld<\/td><td>Schulgeld f\u00fcr bed\u00fcrftige Kinder bis Mai 2018<\/td><td>22.080<\/td><td>abgeschlossen<\/td><td>MEV und Paten<\/td><\/tr><\/tbody><\/table><\/figure>\n\n\n\n<p>Ferne unterst\u00fctzen wir bed\u00fcrftige Personen etc.<\/p>\n","protected":false},"excerpt":{"rendered":"<p>\u00dcbersicht einiger Projekte Startzeit Projektname Kurze Beschreibung Betrag (\u20ac) Status Finanzierung 2019 Fachlehrer 2019 Geh\u00e4lter f. Hilfslehrer (Mathematik, Physik und Chemie) Jan \u2013 M\u00e4rz? ??? abgeschlossen MEV 2018 Fachlehrer 2018 Geh\u00e4lter f. Hilfslehrer (Mathematik, Physik und Chemie) Jan &#8211; Juni 2.700 abgeschlossen MEV Fu\u00dfballturnier Unterst\u00fctzung f\u00fcr die neue Fu\u00dfballliga in Minziro f\u00fcr die Jungend mit [&hellip;]<\/p>\n","protected":false},"author":1,"featured_media":0,"parent":0,"menu_order":0,"comment_status":"closed","ping_status":"closed","template":"","meta":{"footnotes":""},"class_list":["post-216","page","type-page","status-publish","hentry"],"jetpack_sharing_enabled":true,"_links":{"self":[{"href":"https:\/\/minziro.net\/index.php?rest_route=\/wp\/v2\/pages\/216","targetHints":{"allow":["GET"]}}],"collection":[{"href":"https:\/\/minziro.net\/index.php?rest_route=\/wp\/v2\/pages"}],"about":[{"href":"https:\/\/minziro.net\/index.php?rest_route=\/wp\/v2\/types\/page"}],"author":[{"embeddable":true,"href":"https:\/\/minziro.net\/index.php?rest_route=\/wp\/v2\/users\/1"}],"replies":[{"embeddable":true,"href":"https:\/\/minziro.net\/index.php?rest_route=%2Fwp%2Fv2%2Fcomments&post=216"}],"version-history":[{"count":4,"href":"https:\/\/minziro.net\/index.php?rest_route=\/wp\/v2\/pages\/216\/revisions"}],"predecessor-version":[{"id":229,"href":"https:\/\/minziro.net\/index.php?rest_route=\/wp\/v2\/pages\/216\/revisions\/229"}],"wp:attachment":[{"href":"https:\/\/minziro.net\/index.php?rest_route=%2Fwp%2Fv2%2Fmedia&parent=216"}],"curies":[{"name":"wp","href":"https:\/\/api.w.org\/{rel}","templated":true}]}}