{"id":217,"date":"2025-10-26T19:18:21","date_gmt":"2025-10-26T17:18:21","guid":{"rendered":"https:\/\/minziro.net\/?page_id=217"},"modified":"2025-10-26T19:33:04","modified_gmt":"2025-10-26T17:33:04","slug":"aktuelles","status":"publish","type":"page","link":"https:\/\/minziro.net\/?page_id=217","title":{"rendered":"Aktuelles"},"content":{"rendered":"\n<div class=\"wp-block-query is-layout-flow wp-block-query-is-layout-flow\"><ul class=\"wp-block-post-template is-layout-flow wp-block-post-template-is-layout-flow\"><li class=\"wp-block-post post-240 post type-post status-publish format-standard has-post-thumbnail hentry category-spenden tag-tansania\">\n<h2 class=\"wp-block-post-title\"><a href=\"https:\/\/minziro.net\/?p=240\" target=\"_self\" >Sport verbindet: \u00dcbergabe gespendeter Sportsachen in Minziro<\/a><\/h2>\n\n<figure class=\"alignwide wp-block-post-featured-image\"><a href=\"https:\/\/minziro.net\/?p=240\" target=\"_self\"  ><img loading=\"lazy\" decoding=\"async\" width=\"1000\" height=\"748\" src=\"https:\/\/minziro.net\/wp-content\/uploads\/2025\/11\/IMG-20230117-WA0020.jpg\" class=\"attachment-post-thumbnail size-post-thumbnail wp-post-image\" alt=\"Sport verbindet: \u00dcbergabe gespendeter Sportsachen in Minziro\" style=\"object-fit:cover;\" srcset=\"https:\/\/minziro.net\/wp-content\/uploads\/2025\/11\/IMG-20230117-WA0020.jpg 1000w, https:\/\/minziro.net\/wp-content\/uploads\/2025\/11\/IMG-20230117-WA0020-300x224.jpg 300w, https:\/\/minziro.net\/wp-content\/uploads\/2025\/11\/IMG-20230117-WA0020-768x574.jpg 768w\" sizes=\"auto, (max-width: 1000px) 100vw, 1000px\" \/><\/a><\/figure>\n\n<div class=\"wp-block-post-excerpt\"><p class=\"wp-block-post-excerpt__excerpt\">Der Vereinsvorsitzende, Herr Dominic Lukwata, \u00fcbergab in Minziro\/Tansania die vom 1. FC23 Hambach gespendeten Sportsachen <\/p><\/div>\n\n\n<hr class=\"wp-block-separator has-css-opacity\"\/>\n\n\n<div class=\"wp-block-post-date\"><time datetime=\"2023-12-01T19:37:00+01:00\">Dezember 1, 2023<\/time><\/div>\n<\/li><li class=\"wp-block-post post-126 post type-post status-publish format-standard has-post-thumbnail hentry category-patenschaft category-spenden tag-tansania\">\n<h2 class=\"wp-block-post-title\"><a href=\"https:\/\/minziro.net\/?p=126\" target=\"_self\" >\u00dcbergabe von Schulmaterialien an die Sch\u00fclerinnen und Sch\u00fcler der Minziro Secondary School<\/a><\/h2>\n\n<figure class=\"alignwide wp-block-post-featured-image\"><a href=\"https:\/\/minziro.net\/?p=126\" target=\"_self\"  ><img loading=\"lazy\" decoding=\"async\" width=\"563\" height=\"832\" src=\"https:\/\/minziro.net\/wp-content\/uploads\/2022\/10\/Handschuetteln_Mann_Maedchen_3_Buecher_Uniform-e1762197103231.jpeg\" class=\"attachment-post-thumbnail size-post-thumbnail wp-post-image\" alt=\"\u00dcbergabe von Schulmaterialien an die Sch\u00fclerinnen und Sch\u00fcler der Minziro Secondary School\" style=\"object-fit:cover;\" srcset=\"https:\/\/minziro.net\/wp-content\/uploads\/2022\/10\/Handschuetteln_Mann_Maedchen_3_Buecher_Uniform-e1762197103231.jpeg 563w, https:\/\/minziro.net\/wp-content\/uploads\/2022\/10\/Handschuetteln_Mann_Maedchen_3_Buecher_Uniform-e1762197103231-203x300.jpeg 203w\" sizes=\"auto, (max-width: 563px) 100vw, 563px\" \/><\/a><\/figure>\n\n<div class=\"wp-block-post-excerpt\"><p class=\"wp-block-post-excerpt__excerpt\">Vor Kurzem konnten wir als Minziro Entwicklungsverein e.V. wieder einen wichtigen Beitrag zur Unterst\u00fctzung der Minziro Secondary School in Tansania leisten. Mit den Spenden und Mitgliedsbeitr\u00e4gen des Vereins wurden Hefte, B\u00fccher und Schuluniformen finanziert, die nun an die Sch\u00fclerinnen und Sch\u00fcler \u00fcbergeben wurden. Auf den Bildern ist zu sehen, wie die Materialien an die Jugendlichen&hellip; <\/p><\/div>\n\n\n<hr class=\"wp-block-separator has-css-opacity\"\/>\n\n\n<div class=\"wp-block-post-date\"><time datetime=\"2022-10-26T19:09:54+01:00\">Oktober 26, 2022<\/time><\/div>\n<\/li><li class=\"wp-block-post post-133 post type-post status-publish format-standard hentry category-uncategorized\">\n<h2 class=\"wp-block-post-title\"><a href=\"https:\/\/minziro.net\/?p=133\" target=\"_self\" >\u00dcbergabe der Sportsachen aus den Best\u00e4nden von 1. FC 23 Hambach an Minziro in Tansania<\/a><\/h2>\n\n\n\n<div class=\"wp-block-post-excerpt\"><p class=\"wp-block-post-excerpt__excerpt\">In September 2021 reiste der Vorsitzende des Minziro Entwicklungsvereins e.V., Herr Dominic Lukwata, nach Tansania. Bei dieser Gelegenheit transportiert er einige Sportsachen als Gep\u00e4ck nach Tansania, die aus Best\u00e4nden von 1. FC 23 Hambach stammen und f\u00fcr Minziro gespendet wurden. Wegen Gewichtsbeschr\u00e4nkung konnte nicht alle Sachen mitgenommen werden.Am 20.09.2021 machte er einen Abstecher in sein&hellip; <\/p><\/div>\n\n\n<hr class=\"wp-block-separator has-css-opacity\"\/>\n\n\n<div class=\"wp-block-post-date\"><time datetime=\"2021-10-26T19:09:54+01:00\">Oktober 26, 2021<\/time><\/div>\n<\/li><li class=\"wp-block-post post-135 post type-post status-publish format-standard hentry category-uncategorized\">\n<h2 class=\"wp-block-post-title\"><a href=\"https:\/\/minziro.net\/?p=135\" target=\"_self\" >10 Jahre Minziro Entwicklungsverein e.V.<\/a><\/h2>\n\n\n\n<div class=\"wp-block-post-excerpt\"><p class=\"wp-block-post-excerpt__excerpt\">Ehemaliges Patenkind des Minziro Entwicklungsvereins <\/p><\/div>\n\n\n<hr class=\"wp-block-separator has-css-opacity\"\/>\n\n\n<div class=\"wp-block-post-date\"><time datetime=\"2018-10-26T19:09:54+01:00\">Oktober 26, 2018<\/time><\/div>\n<\/li><li class=\"wp-block-post post-142 post type-post status-publish format-standard hentry category-uncategorized\">\n<h2 class=\"wp-block-post-title\"><a href=\"https:\/\/minziro.net\/?p=142\" target=\"_self\" >Ausma\u00dfe des Erdbebens 2016<\/a><\/h2>\n\n\n\n<div class=\"wp-block-post-excerpt\"><p class=\"wp-block-post-excerpt__excerpt\"> <\/p><\/div>\n\n\n<hr class=\"wp-block-separator has-css-opacity\"\/>\n\n\n<div class=\"wp-block-post-date\"><time datetime=\"2016-10-26T19:09:54+01:00\">Oktober 26, 2016<\/time><\/div>\n<\/li><\/ul><\/div>\n\n\n\n<figure class=\"wp-block-table alignwide\"><table class=\"has-fixed-layout\"><thead><tr><th>Wann?<\/th><th>Was?<\/th><th>Wo?<\/th><\/tr><\/thead><tbody><tr><td>20.09.2021<\/td><td>\u00dcbergabe von Sportartikeln<\/td><td>Minziro<\/td><td>Sportartikel aus dem Bestand vom 1. FC 23 Hambach. Bilder finden sich in der Galerie<\/td><\/tr><tr><td>16.12.2018<\/td><td>Mitgliederversammlung<\/td><td>Ristorante Rosengarten, Mu\u00dfbacher Landstra\u00dfe 1<\/td><\/tr><tr><td>02.06.2018<\/td><td>Mitgliederversammlung und 10-Jahres-Feier<\/td><td>Freiheitstr. 2, 67434 Neustadt-Hambach<\/td><\/tr><tr><td>13.04.2018<\/td><td>Vorstandssitzung<\/td><td><\/td><\/tr><tr><td>16.03.2018<\/td><td>Vorstandssitzung<\/td><td><\/td><\/tr><tr><td>17.11.2018<\/td><td>Mitgliederversammlung<\/td><td><\/td><\/tr><tr><td>17.11.2017<\/td><td>Mitgliederversammlung<\/td><td><\/td><\/tr><tr><td>10.09.2017, ab 11 Uhr<\/td><td>Teilnahme am Multi-Kulti-Fest &#8222;Viele Kulturen &#8211; eine Stadt&#8220;<\/td><td>Markt- und Juliusplatz Neustadt<\/td><\/tr><tr><td>27.08.2017<\/td><td>Stand auf dem Erlebnistag Deutsche Weinstra\u00dfe<\/td><td>Jakobusplatz, Hambach<\/td><td>An unserem Stand bieten wir Kaffee, S\u00e4fte, Wasser und nat\u00fcrlich Kuchen, Waffeln und Sambusa (tansanische Teigtaschen) an. Unser Highlight &#8222;Trommeleinlagen&#8220; l\u00e4dt zum Zuh\u00f6ren und Mitmachen ein!<\/td><\/tr><\/tbody><\/table><\/figure>\n","protected":false},"excerpt":{"rendered":"<p>Wann? Was? Wo? 20.09.2021 \u00dcbergabe von Sportartikeln Minziro Sportartikel aus dem Bestand vom 1. FC 23 Hambach. Bilder finden sich in der Galerie 16.12.2018 Mitgliederversammlung Ristorante Rosengarten, Mu\u00dfbacher Landstra\u00dfe 1 02.06.2018 Mitgliederversammlung und 10-Jahres-Feier Freiheitstr. 2, 67434 Neustadt-Hambach 13.04.2018 Vorstandssitzung 16.03.2018 Vorstandssitzung 17.11.2018 Mitgliederversammlung 17.11.2017 Mitgliederversammlung 10.09.2017, ab 11 Uhr Teilnahme am Multi-Kulti-Fest &#8222;Viele Kulturen [&hellip;]<\/p>\n","protected":false},"author":1,"featured_media":0,"parent":0,"menu_order":0,"comment_status":"closed","ping_status":"closed","template":"","meta":{"footnotes":""},"class_list":["post-217","page","type-page","status-publish","hentry"],"jetpack_sharing_enabled":true,"_links":{"self":[{"href":"https:\/\/minziro.net\/index.php?rest_route=\/wp\/v2\/pages\/217","targetHints":{"allow":["GET"]}}],"collection":[{"href":"https:\/\/minziro.net\/index.php?rest_route=\/wp\/v2\/pages"}],"about":[{"href":"https:\/\/minziro.net\/index.php?rest_route=\/wp\/v2\/types\/page"}],"author":[{"embeddable":true,"href":"https:\/\/minziro.net\/index.php?rest_route=\/wp\/v2\/users\/1"}],"replies":[{"embeddable":true,"href":"https:\/\/minziro.net\/index.php?rest_route=%2Fwp%2Fv2%2Fcomments&post=217"}],"version-history":[{"count":5,"href":"https:\/\/minziro.net\/index.php?rest_route=\/wp\/v2\/pages\/217\/revisions"}],"predecessor-version":[{"id":230,"href":"https:\/\/minziro.net\/index.php?rest_route=\/wp\/v2\/pages\/217\/revisions\/230"}],"wp:attachment":[{"href":"https:\/\/minziro.net\/index.php?rest_route=%2Fwp%2Fv2%2Fmedia&parent=217"}],"curies":[{"name":"wp","href":"https:\/\/api.w.org\/{rel}","templated":true}]}}