{"id":62,"date":"2025-10-25T10:21:44","date_gmt":"2025-10-25T08:21:44","guid":{"rendered":"https:\/\/minziro.net\/?page_id=62"},"modified":"2025-11-02T23:05:30","modified_gmt":"2025-11-02T21:05:30","slug":"ueber-uns","status":"publish","type":"page","link":"https:\/\/minziro.net\/?page_id=62","title":{"rendered":"\u00dcber uns"},"content":{"rendered":"\n<p>Der &#8222;Minziro Entwicklungsverein e.V.&#8220; besteht seit 2008.<br>Das Ziel des Vereins ist die F\u00f6rderung von Entwicklungs- bzw. Selbsthilfeprojekten sowie<br>personenbezogener Hilfe in Minziro\/Tansania. Dies soll erreicht werden durch:<\/p>\n\n\n\n<ul class=\"wp-block-list\">\n<li>Bereitstellung der finanziellen Mittel, die durch Beitr\u00e4ge, Spenden, Erl\u00f6se aus Aktionen,<br>Zusch\u00fcsse und sonstige Zuwendungen eingenommen werden<\/li>\n\n\n\n<li>Vermitteln von Patenschaften<\/li>\n\n\n\n<li>Bereitstellung von Sachmitteln und Zuwendungen<\/li>\n\n\n\n<li>Werben f\u00fcr Entwicklungshelfer, die im Projektgebiet t\u00e4tig sein wollen (z.B. als Lehrer)<\/li>\n\n\n\n<li>Planung und Durchf\u00fchrung von Veranstaltungen: Seminare, Informationsveranstaltungen,<br>Konzerte, Ausstellungen, Vortr\u00e4ge, Feste, usw.<\/li>\n\n\n\n<li>\u00d6ffentlichkeitsarbeit<\/li>\n\n\n\n<li>Unterst\u00fctzung bed\u00fcrftiger Menschen<\/li>\n\n\n\n<li>Organisation von Hilfsmitteln, z. B. Rollstuhl, Rollator etc.<\/li>\n<\/ul>\n\n\n\n<p>Sie wollen mitmachen oder mehr Informationen erhalten? Dann senden Sie eine Email an <a href=\"mailto:info@minziro.net\">info@minziro.net<\/a>. Wir werden uns umgehend bei Ihnen melden.<\/p>\n","protected":false},"excerpt":{"rendered":"<p>Der &#8222;Minziro Entwicklungsverein e.V.&#8220; besteht seit 2008.Das Ziel des Vereins ist die F\u00f6rderung von Entwicklungs- bzw. Selbsthilfeprojekten sowiepersonenbezogener Hilfe in Minziro\/Tansania. Dies soll erreicht werden durch: Sie wollen mitmachen oder mehr Informationen erhalten? Dann senden Sie eine Email an info@minziro.net. Wir werden uns umgehend bei Ihnen melden.<\/p>\n","protected":false},"author":1,"featured_media":0,"parent":0,"menu_order":0,"comment_status":"closed","ping_status":"closed","template":"","meta":{"footnotes":""},"class_list":["post-62","page","type-page","status-publish","hentry"],"jetpack_sharing_enabled":true,"_links":{"self":[{"href":"https:\/\/minziro.net\/index.php?rest_route=\/wp\/v2\/pages\/62","targetHints":{"allow":["GET"]}}],"collection":[{"href":"https:\/\/minziro.net\/index.php?rest_route=\/wp\/v2\/pages"}],"about":[{"href":"https:\/\/minziro.net\/index.php?rest_route=\/wp\/v2\/types\/page"}],"author":[{"embeddable":true,"href":"https:\/\/minziro.net\/index.php?rest_route=\/wp\/v2\/users\/1"}],"replies":[{"embeddable":true,"href":"https:\/\/minziro.net\/index.php?rest_route=%2Fwp%2Fv2%2Fcomments&post=62"}],"version-history":[{"count":3,"href":"https:\/\/minziro.net\/index.php?rest_route=\/wp\/v2\/pages\/62\/revisions"}],"predecessor-version":[{"id":232,"href":"https:\/\/minziro.net\/index.php?rest_route=\/wp\/v2\/pages\/62\/revisions\/232"}],"wp:attachment":[{"href":"https:\/\/minziro.net\/index.php?rest_route=%2Fwp%2Fv2%2Fmedia&parent=62"}],"curies":[{"name":"wp","href":"https:\/\/api.w.org\/{rel}","templated":true}]}}