{"id":74,"date":"2025-10-25T10:45:25","date_gmt":"2025-10-25T08:45:25","guid":{"rendered":"https:\/\/minziro.net\/?page_id=74"},"modified":"2025-11-03T20:28:04","modified_gmt":"2025-11-03T19:28:04","slug":"ueber-minziro","status":"publish","type":"page","link":"https:\/\/minziro.net\/?page_id=74","title":{"rendered":"\u00dcber Minziro"},"content":{"rendered":"\n<div class=\"wp-block-media-text alignwide is-stacked-on-mobile\"><figure class=\"wp-block-media-text__media\"><img loading=\"lazy\" decoding=\"async\" width=\"402\" height=\"280\" src=\"https:\/\/minziro.net\/wp-content\/uploads\/2025\/10\/minziromap.png\" alt=\"\" class=\"wp-image-75 size-full\" srcset=\"https:\/\/minziro.net\/wp-content\/uploads\/2025\/10\/minziromap.png 402w, https:\/\/minziro.net\/wp-content\/uploads\/2025\/10\/minziromap-300x209.png 300w\" sizes=\"auto, (max-width: 402px) 100vw, 402px\" \/><\/figure><div class=\"wp-block-media-text__content\">\n<p>Minziro liegt im \u00e4u\u00dfersten Nordwesten Tansanias, eingebettet zwischen fruchtbaren Feldern und dem dichten Urwald des\u00a0<strong>Minziro Forest Reserve<\/strong>. Rund 10.000 Menschen leben hier auf einer Fl\u00e4che von etwa 120 Quadratkilometern.<\/p>\n<\/div><\/div>\n\n\n\n<p>Die Menschen in Minziro sind selbstbewusst, stark und eng mit ihrer Umgebung verbunden. Sie leben haupts\u00e4chlich von der Landwirtschaft \u2013 Kaffee, Bananen, Tomaten und das traditionelle Bananenbier sind ihre wichtigsten Produkte. Trotz eines durchschnittlichen Jahreseinkommens von nur etwa 500 Euro pro Familie schaffen sie es mit Gemeinschaftssinn, Kreativit\u00e4t und Tatkraft, ihren Alltag zu gestalten und voranzukommen.<\/p>\n\n\n\n<p>Minziro ist schwer zug\u00e4nglich, da es von einem bis zu 6,4 Kilometer breiten Urwaldg\u00fcrtel umgeben ist. Es gibt weder flie\u00dfendes Wasser und noch \u00e4rtzliche Versorgung \u2013 aber die Menschen hier wissen, sich zu helfen.<\/p>\n\n\n\n<p>Der Minziro-Urwald selbst ist heute ein gesch\u00fctztes Naturparadies mit einer beeindruckenden Vielfalt an Schmetterlingen, V\u00f6geln und Pflanzen. Dieses einzigartige \u00d6kosystem macht die Region nicht nur besonders, sondern zu einem Ort, an dem Mensch und Natur eng miteinander verbunden sind.<\/p>\n\n\n\n<p><a href=\"https:\/\/en.wikipedia.org\/wiki\/Minziro_Forest_Reserve\">Mehr \u00fcber das Minziro Forest Reserve erfahren.<\/a><\/p>\n","protected":false},"excerpt":{"rendered":"<p>Minziro liegt im \u00e4u\u00dfersten Nordwesten Tansanias, eingebettet zwischen fruchtbaren Feldern und dem dichten Urwald des\u00a0Minziro Forest Reserve. Rund 10.000 Menschen leben hier auf einer Fl\u00e4che von etwa 120 Quadratkilometern. Die Menschen in Minziro sind selbstbewusst, stark und eng mit ihrer Umgebung verbunden. Sie leben haupts\u00e4chlich von der Landwirtschaft \u2013 Kaffee, Bananen, Tomaten und das traditionelle [&hellip;]<\/p>\n","protected":false},"author":1,"featured_media":0,"parent":0,"menu_order":0,"comment_status":"closed","ping_status":"closed","template":"","meta":{"footnotes":""},"class_list":["post-74","page","type-page","status-publish","hentry"],"jetpack_sharing_enabled":true,"_links":{"self":[{"href":"https:\/\/minziro.net\/index.php?rest_route=\/wp\/v2\/pages\/74","targetHints":{"allow":["GET"]}}],"collection":[{"href":"https:\/\/minziro.net\/index.php?rest_route=\/wp\/v2\/pages"}],"about":[{"href":"https:\/\/minziro.net\/index.php?rest_route=\/wp\/v2\/types\/page"}],"author":[{"embeddable":true,"href":"https:\/\/minziro.net\/index.php?rest_route=\/wp\/v2\/users\/1"}],"replies":[{"embeddable":true,"href":"https:\/\/minziro.net\/index.php?rest_route=%2Fwp%2Fv2%2Fcomments&post=74"}],"version-history":[{"count":3,"href":"https:\/\/minziro.net\/index.php?rest_route=\/wp\/v2\/pages\/74\/revisions"}],"predecessor-version":[{"id":255,"href":"https:\/\/minziro.net\/index.php?rest_route=\/wp\/v2\/pages\/74\/revisions\/255"}],"wp:attachment":[{"href":"https:\/\/minziro.net\/index.php?rest_route=%2Fwp%2Fv2%2Fmedia&parent=74"}],"curies":[{"name":"wp","href":"https:\/\/api.w.org\/{rel}","templated":true}]}}